{"id":50,"date":"2020-03-27T18:13:18","date_gmt":"2020-03-27T17:13:18","guid":{"rendered":"https:\/\/katika-kuehnreich.com\/en\/?page_id=50"},"modified":"2024-08-15T17:14:51","modified_gmt":"2024-08-15T15:14:51","slug":"in-the-media","status":"publish","type":"page","link":"https:\/\/katika-kuehnreich.com\/en\/about-my-work\/in-the-media\/","title":{"rendered":"In the media"},"content":{"rendered":"\n<p>Here are some of the media responses to my work ||<\/p>\n\n\n\n<p><a href=\"http:\/\/woz.ch\" data-type=\"link\" data-id=\"woz.ch\" target=\"_blank\" rel=\"noreferrer noopener\">WOZ &#8211; Die Wochenzeitung<\/a> am 20.05.2020 <a href=\"https:\/\/www.woz.ch\/-aa19\" target=\"_blank\" rel=\"noreferrer noopener\">Digitaler Kapitalismus: \u00abChina nicht als Vogelscheuche benutzen\u00bb<\/a> [in German]<\/p>\n\n\n\n<p>Opinion Leaders Network am 29.08.2019 &#8220;<a href=\"https:\/\/www.leadersnet.at\/news\/38837,ein-philosophischer-ex-minister-in-den-bergen-tirols.html\" target=\"_blank\" rel=\"noreferrer noopener\">Ein &#8220;philosophischer&#8221; Ex-Minister in den Bergen Tirols<\/a>&#8220;<a href=\"https:\/\/www.dw.com\/de\/china-kontrollsystem-f%C3%BCr-firmen\/a-50197721\" target=\"_blank\" rel=\"noreferrer noopener\"> <\/a>[in German]<\/p>\n\n\n\n<p><a href=\"https:\/\/www.dw.com\/de\/china-kontrollsystem-f%C3%BCr-firmen\/a-50197721\" target=\"_blank\" rel=\"noreferrer noopener\">Deutsche Welle: &#8220;China: Kontrollsystem f\u00fcr Firmen&#8221; <\/a>[in German]<\/p>\n\n\n\n<p><a rel=\"noreferrer noopener\" href=\"https:\/\/katika-kuehnreich.com\/en\/?page_id=336\" data-type=\"URL\" data-id=\"https:\/\/katika-kuehnreich.com\/en\/?page_id=336\" target=\"_blank\">\u0418\u043d\u043e\u0441\u0442\u0440\u0430\u043d\u043d\u044b\u0435 \u0444\u0438\u0440\u043c\u044b \u0432 \u041a\u0438\u0442\u0430\u0435 &#8211; \u043f\u043e\u0434 \u043a\u043e\u043b\u043f\u0430\u043a\u043e\u043c \u0443 \u0432\u043b\u0430\u0441\u0442\u0435\u0439?<\/a> (in Russian)<\/p>\n\n\n\n<p>Hannoversche Allgemeine am 18.05.2019 &#8220;<a href=\"https:\/\/www.haz.de\/Nachrichten\/Politik\/Deutschland-Welt\/Vorwaerts-in-die-digitale-Diktatur\" target=\"_blank\" rel=\"noreferrer noopener\">\u00dcberwachung in China: Vorw\u00e4rts in die digitale Diktatur<\/a>&#8221; <a href=\"https:\/\/www.dw.com\/de\/china-kontrollsystem-f%C3%BCr-firmen\/a-50197721\" target=\"_blank\" rel=\"noreferrer noopener\"> <\/a>[in German]<\/p>\n\n\n\n<p>Elbe-Jetzel-Zeitung 18.05.2019 &#8220;<a href=\"https:\/\/www.ejz.de\/blick-in-die-welt\/politik\/berwachung-in-china-vorwrts-in-die-digitale-diktatur_241_111713415-122-.html\">\u00dcberwachung in China: Vorw\u00e4rts in die digitale Diktatur<\/a>&#8221; <a href=\"https:\/\/www.dw.com\/de\/china-kontrollsystem-f%C3%BCr-firmen\/a-50197721\" target=\"_blank\" rel=\"noreferrer noopener\"> <\/a>[in German]<\/p>\n\n\n\n<p>Bayerischer Rundfunk Katika K\u00fchnreich: <a href=\"https:\/\/www.br.de\/unternehmen\/inhalt\/veranstaltungen\/mtm18-kuehnreich-standinterview-100.html\">&#8220;Datensammeln verschafft den Staaten Macht&#8221;<\/a> <a href=\"https:\/\/www.dw.com\/de\/china-kontrollsystem-f%C3%BCr-firmen\/a-50197721\" target=\"_blank\" rel=\"noreferrer noopener\"> <\/a>[in German]<\/p>\n\n\n\n<p><a href=\"http:\/\/juniorsciencecafe.de\/blog\/post\/big-data-auf-dem-weg-zur-uberwachung-2-2\/\">Big Data \u2013 auf dem Weg zur \u00dcberwachung 2.0? #SmarteWelt \u2013 Junior Science Cafe Blog<\/a> <a href=\"https:\/\/www.dw.com\/de\/china-kontrollsystem-f%C3%BCr-firmen\/a-50197721\" target=\"_blank\" rel=\"noreferrer noopener\"> <\/a>[in German]<\/p>\n\n\n\n<p><a href=\"https:\/\/www.heise.de\/ct\/ausgabe\/2018-2-Konformitaetserziehung-per-sozialem-Punktesystem-3929709.html\" target=\"_blank\" rel=\"noreferrer noopener\">c\u2019t: Konformit\u00e4tserziehung per sozialem Punktesystem<\/a> <a href=\"https:\/\/www.dw.com\/de\/china-kontrollsystem-f%C3%BCr-firmen\/a-50197721\" target=\"_blank\" rel=\"noreferrer noopener\"> <\/a>[in German]<\/p>\n\n\n\n<p><a href=\"https:\/\/www.heise.de\/newsticker\/meldung\/34C3-China-Die-maschinenlesbare-Bevoelkerung-3928422.html\" target=\"_blank\" rel=\"noreferrer noopener\">Heise: 34C3: China \u2013 Die maschinenlesbare Bev\u00f6lkerung <\/a> <a href=\"https:\/\/www.dw.com\/de\/china-kontrollsystem-f%C3%BCr-firmen\/a-50197721\" target=\"_blank\" rel=\"noreferrer noopener\"> <\/a>[in German]<\/p>\n\n\n\n<p><a rel=\"noreferrer noopener\" href=\"http:\/\/www.lemonde.fr\/pixels\/article\/2017\/12\/31\/a-leipzig-une-utopie-technologique-rattrapee-par-la-realite_5236325_4408996.html\" target=\"_blank\">Le Monde: A Leipzig, une \u00ab utopie \u00bb technologique rattrap\u00e9e par la r\u00e9alit\u00e9<\/a> (in French)<\/p>\n\n\n\n<p><a rel=\"noreferrer noopener\" href=\"https:\/\/www.lefigaro.fr\/secteur\/high-tech\/2017\/12\/27\/32001-20171227ARTFIG00197-la-chine-met-en-place-un-systeme-de-notation-de-ses-citoyens-pour-2020.php\" data-type=\"URL\" data-id=\"https:\/\/www.lefigaro.fr\/secteur\/high-tech\/2017\/12\/27\/32001-20171227ARTFIG00197-la-chine-met-en-place-un-systeme-de-notation-de-ses-citoyens-pour-2020.php\" target=\"_blank\">Le Figaro: La Chine commence d\u00e9j\u00e0 \u00e0 mettre en place son syst\u00e8me de notation des citoyens pr\u00e9vu pour 2020<\/a> (in French)<\/p>\n\n\n\n<p><a href=\"http:\/\/radiocorax.de\/welche-auswirkung-haette-die-einfuehrung-eines-social-credit-systems\/\" target=\"_blank\" rel=\"noreferrer noopener\">Radio Corax: Welche Auswirkung h\u00e4tte die Einf\u00fchrung eines Social credit systems?<\/a> <a href=\"https:\/\/www.dw.com\/de\/china-kontrollsystem-f%C3%BCr-firmen\/a-50197721\" target=\"_blank\" rel=\"noreferrer noopener\"> <\/a>[in German]<\/p>\n\n\n\n<p><a href=\"http:\/\/www.spiegel.de\/netzwelt\/netzpolitik\/china-social-credit-system-ein-punktekonto-sie-alle-zu-kontrollieren-a-1185313.html\" target=\"_blank\" rel=\"noreferrer noopener\">Spiegel: Chinas Social Credit System Volle Kontrolle<\/a> <a href=\"https:\/\/www.dw.com\/de\/china-kontrollsystem-f%C3%BCr-firmen\/a-50197721\" target=\"_blank\" rel=\"noreferrer noopener\"> <\/a>[in German]<\/p>\n\n\n\n<p><a href=\"http:\/\/www.sueddeutsche.de\/digital\/kongress-des-chaos-computer-club-der-ueberwachte-mensch-zensiert-sich-selbst-1.3808605\" target=\"_blank\" rel=\"noreferrer noopener\">S\u00fcddeutsche: Der \u00fcberwachte Mensch zensiert sich selbst<\/a> <a href=\"https:\/\/www.dw.com\/de\/china-kontrollsystem-f%C3%BCr-firmen\/a-50197721\" target=\"_blank\" rel=\"noreferrer noopener\"> <\/a>[in German]<\/p>\n\n\n\n<p><a href=\"http:\/\/www.sueddeutsche.de\/digital\/soziale-kontrolle-in-china-menschen-und-unternehmen-bekommen-noch-mehr-macht-ihr-leben-zu-zerstoeren-1.3808187\" target=\"_blank\" rel=\"noreferrer noopener\">S\u00fcddeutsche: Wo die Datingseite deine Kreditw\u00fcrdigkeit kennt<\/a> <a href=\"https:\/\/www.dw.com\/de\/china-kontrollsystem-f%C3%BCr-firmen\/a-50197721\" target=\"_blank\" rel=\"noreferrer noopener\"> <\/a>[in German]<\/p>\n\n\n\n<p><a href=\"https:\/\/www.swr.de\/swr1\/bw\/programm\/leute\/kuehnreich-katika-sinologin\/-\/id=1895042\/did=21433166\/nid=1895042\/9srdol\/index.html\">SWR1 Leute mit Nicole K\u00f6ster<\/a> <a href=\"https:\/\/www.dw.com\/de\/china-kontrollsystem-f%C3%BCr-firmen\/a-50197721\" target=\"_blank\" rel=\"noreferrer noopener\"> <\/a>[in German]<\/p>\n\n\n\n<p><a href=\"https:\/\/www.the-parallax.com\/2018\/03\/22\/china-social-credit-systems\/\" target=\"_blank\" rel=\"noreferrer noopener\">The Parallax: Why (and how) China is tying social-media behavior to credit scores<\/a> <\/p>\n","protected":false},"excerpt":{"rendered":"<p>Here are some of the media responses to my work || WOZ &#8211; Die Wochenzeitung am 20.05.2020 Digitaler Kapitalismus: \u00abChina nicht als Vogelscheuche benutzen\u00bb [in German] Opinion Leaders Network am 29.08.2019 &#8220;Ein &#8220;philosophischer&#8221; Ex-Minister in den Bergen Tirols&#8220; [in German] Deutsche Welle: &#8220;China: Kontrollsystem f\u00fcr Firmen&#8221; [in German] \u0418\u043d\u043e\u0441\u0442\u0440\u0430\u043d\u043d\u044b\u0435 \u0444\u0438\u0440\u043c\u044b \u0432 \u041a\u0438\u0442\u0430\u0435 &#8211; \u043f\u043e\u0434 \u043a\u043e\u043b\u043f\u0430\u043a\u043e\u043c [&hellip;]<\/p>\n","protected":false},"author":1,"featured_media":0,"parent":18,"menu_order":0,"comment_status":"closed","ping_status":"closed","template":"","meta":{"footnotes":""},"class_list":["post-50","page","type-page","status-publish","hentry"],"_links":{"self":[{"href":"https:\/\/katika-kuehnreich.com\/en\/wp-json\/wp\/v2\/pages\/50","targetHints":{"allow":["GET"]}}],"collection":[{"href":"https:\/\/katika-kuehnreich.com\/en\/wp-json\/wp\/v2\/pages"}],"about":[{"href":"https:\/\/katika-kuehnreich.com\/en\/wp-json\/wp\/v2\/types\/page"}],"author":[{"embeddable":true,"href":"https:\/\/katika-kuehnreich.com\/en\/wp-json\/wp\/v2\/users\/1"}],"replies":[{"embeddable":true,"href":"https:\/\/katika-kuehnreich.com\/en\/wp-json\/wp\/v2\/comments?post=50"}],"version-history":[{"count":4,"href":"https:\/\/katika-kuehnreich.com\/en\/wp-json\/wp\/v2\/pages\/50\/revisions"}],"predecessor-version":[{"id":458,"href":"https:\/\/katika-kuehnreich.com\/en\/wp-json\/wp\/v2\/pages\/50\/revisions\/458"}],"up":[{"embeddable":true,"href":"https:\/\/katika-kuehnreich.com\/en\/wp-json\/wp\/v2\/pages\/18"}],"wp:attachment":[{"href":"https:\/\/katika-kuehnreich.com\/en\/wp-json\/wp\/v2\/media?parent=50"}],"curies":[{"name":"wp","href":"https:\/\/api.w.org\/{rel}","templated":true}]}}